{"id":7,"date":"2015-07-06T16:20:46","date_gmt":"2015-07-06T16:20:46","guid":{"rendered":"http:\/\/wp.langenselbold-taxi.de\/?page_id=7"},"modified":"2026-02-08T17:16:43","modified_gmt":"2026-02-08T17:16:43","slug":"herzlich-willkommen","status":"publish","type":"page","link":"https:\/\/taxi-langenselbold.de\/","title":{"rendered":"Home"},"content":{"rendered":"\n<h1>Taxi Langenselbold<\/h1>\n\n\n\n<h1>Tel.&nbsp; <a  href=\"https:\/\/taxi-langenselbold.de?goto=IDNJVUdAAWBQFUFKAw\"> 06184 &#8211; 3507<\/a><\/h1>\n\n\n\n<p>Taxibetrieb Stefan Thomas KG&nbsp;&nbsp; 63505 Langenselbold<\/p>\n\n\n\n<p class=\"has-text-align-center\"><\/p>\n\n\n\n<!--more-->\n\n\n\n<figure class=\"wp-block-image\"><a  href=\"https:\/\/taxi-langenselbold.de?goto=PCJRH01ZHywFXh1XWBFXHQNHWydVAT0iPWAFNlVHE3ghFSFDQCszYFMGLC5UUlVZYwNBd0UEA0R-Ygk6ZQM3Qm1jHUEdBlc\"><img decoding=\"async\" loading=\"lazy\" width=\"1024\" height=\"684\" src=\"http:\/\/taxi-langenselbold.de\/wp-content\/uploads\/2015\/07\/05_IMG_2958-1024x684.jpg\" alt=\"05_IMG_2958\" class=\"wp-image-13\" srcset=\"https:\/\/taxi-langenselbold.de\/wp-content\/uploads\/2015\/07\/05_IMG_2958-1024x684.jpg 1024w, https:\/\/taxi-langenselbold.de\/wp-content\/uploads\/2015\/07\/05_IMG_2958-300x200.jpg 300w\" sizes=\"(max-width: 1024px) 100vw, 1024px\" \/><\/a><\/figure>\n\n\n\n<p><span style=\"color: #404000;\"><\/span><\/p>\n\n\n\n<p><span style=\"color: #404040;\">Wir<\/span><span style=\"color: #404040;\"> freuen uns Sie auf unserer Webseite begr\u00fc\u00dfen zu k\u00f6nnen.<\/span><br><span style=\"color: #404040;\"> Hier m\u00f6chten wir mehr \u00fcber uns erz\u00e4hlen, Ihnen die aktuellen Fahrpreise und unsere zahlreichen Angebote n\u00e4her bringen. Au\u00dferdem erhalten Sie alle Informationen rund um unser Unternehmen. <\/span> <span style=\"color: #404040;\">Wir versuchen stets jeden Kundenwunsch zu erf\u00fcllen.<\/span><br><span style=\"color: #404040;\"> Unser Service richtet sich gleicherma\u00dfen an jeden, der auf Komfort, Zuverl\u00e4ssigkeit und Sicherheit wert legt. Verlassen Sie sich auf den hohen Standard unserer Dienstleistung.<\/span><\/p>\n\n\n\n<p><span style=\"color: #404040;\">Wir freuen uns auf Ihren Anruf und w\u00fcnschen Ihnen eine gute Fahrt!<\/span><\/p>\n\n\n\n<p><span style=\"color: #404040;\">Ihr Taxi Thomas Team<\/span><\/p>\n\n\n\n<p><span style=\"color: #404040;\">Wir sind f\u00fcr Sie da:<\/span><\/p>\n\n\n\n<p><span style=\"font-size: xx-large; color: #404040;\"> <strong> 06184 \/ 3507<\/strong><\/span><\/p>\n\n\n\n<p><span style=\"font-size: xx-large; color: #404040;\"><strong> 06184 \/ 19410 <\/strong> <\/span><\/p>\n","protected":false},"excerpt":{"rendered":"<p>Taxi Langenselbold Tel.&nbsp; 06184 &#8211; 3507 Taxibetrieb Stefan Thomas KG&nbsp;&nbsp; 63505 Langenselbold<\/p>\n","protected":false},"author":1,"featured_media":0,"parent":0,"menu_order":0,"comment_status":"closed","ping_status":"closed","template":"template-page-builder-no-sidebar.php","meta":[],"_links":{"self":[{"href":"https:\/\/taxi-langenselbold.de\/index.php?rest_route=\/wp\/v2\/pages\/7"}],"collection":[{"href":"https:\/\/taxi-langenselbold.de\/index.php?rest_route=\/wp\/v2\/pages"}],"about":[{"href":"https:\/\/taxi-langenselbold.de\/index.php?rest_route=\/wp\/v2\/types\/page"}],"author":[{"embeddable":true,"href":"https:\/\/taxi-langenselbold.de\/index.php?rest_route=\/wp\/v2\/users\/1"}],"replies":[{"embeddable":true,"href":"https:\/\/taxi-langenselbold.de\/index.php?rest_route=%2Fwp%2Fv2%2Fcomments&post=7"}],"version-history":[{"count":38,"href":"https:\/\/taxi-langenselbold.de\/index.php?rest_route=\/wp\/v2\/pages\/7\/revisions"}],"predecessor-version":[{"id":378,"href":"https:\/\/taxi-langenselbold.de\/index.php?rest_route=\/wp\/v2\/pages\/7\/revisions\/378"}],"wp:attachment":[{"href":"https:\/\/taxi-langenselbold.de\/index.php?rest_route=%2Fwp%2Fv2%2Fmedia&parent=7"}],"curies":[{"name":"wp","href":"https:\/\/api.w.org\/{rel}","templated":true}]}}