{"id":49,"date":"2015-07-07T13:54:20","date_gmt":"2015-07-07T13:54:20","guid":{"rendered":"http:\/\/wp.langenselbold-taxi.de\/?page_id=49"},"modified":"2022-03-10T19:05:29","modified_gmt":"2022-03-10T19:05:29","slug":"kontakt","status":"publish","type":"page","link":"https:\/\/taxi-langenselbold.de\/?page_id=49","title":{"rendered":"Impressum"},"content":{"rendered":"<h1><span style=\"color: #424040;\"><strong>Impressum<\/strong><\/span><\/h1>\n<p><span style=\"color: #424040;\"><strong>Taxibetrieb<\/strong><\/span><br \/>\n<span style=\"color: #424040;\"><strong>Stefan Thomas KG<\/strong><\/span><br \/>\n<span style=\"color: #424040;\"> In den Hohlg\u00e4rten 13<\/span><br \/>\n<span style=\"color: #424040;\"> 63505 Langenselbold<\/span><\/p>\n<p>Steuer Nr.: 022 374 60004&nbsp;&nbsp;&nbsp;&nbsp; USt. ID: DE 310428969<\/p>\n<p>Handelsregister: AG Hanau, HRA 93468<\/p>\n<p>Pers\u00f6nlich haftender Gesellschafter:<\/p>\n<p>Stefan Thomas&nbsp; In den Hohlg\u00e4rten 13&nbsp; 63505 Langenselbold<\/p>\n<div class=\"wrap\"><span style=\"color: #424040;\">Lesen Sie bitte auch den Haftungsausschluss <\/span><\/p>\n<h2 style=\"color: #404040;\" =\"\"=\"\"><strong>Haftung<\/strong><\/h2>\n<p style=\"text-align: left;\"><span style=\"color: #404040;\"><strong>1. Inhalt des Onlineangebotes<\/strong><\/span><br \/>\n<span style=\"color: #404040;\"> Der Autor \u00fcbernimmt keinerlei Gew\u00e4hr f\u00fcr die Aktualit\u00e4t, Korrektheit, Vollst\u00e4ndigkeit oder Qualit\u00e4t der bereitgestellten Informationen. Haftungsanspr\u00fcche gegen den Autor, welche sich auf Sch\u00e4den materieller oder ideeller Art beziehen, die durch die Nutzung oder Nichtnutzung der dargebotenen Informationen bzw. durch die Nutzung fehlerhafter und unvollst\u00e4ndiger Informationen verursacht wurden, sind grunds\u00e4tzlich ausgeschlossen, sofern seitens des Autors kein nachweislich vors\u00e4tzliches oder grob fahrl\u00e4ssiges Verschulden vorliegt.<\/span><br \/>\n<span style=\"color: #404040;\"> Alle Angebote sind freibleibend und unverbindlich. Der Autor beh\u00e4lt es sich ausdr\u00fccklich vor, Teile der Seiten oder das gesamte Angebot ohne gesonderte Ank\u00fcndigung zu ver\u00e4ndern, zu erg\u00e4nzen, zu l\u00f6schen oder die Ver\u00f6ffentlichung zeitweise oder endg\u00fcltig einzustellen.<\/span><\/p>\n<p style=\"text-align: left;\"><span style=\"color: #404040;\"><strong>2. Verweise und Links<\/strong><\/span><br \/>\n<span style=\"color: #404040;\"> Bei direkten oder indirekten Verweisen auf fremde Webseiten (&#8222;Hyperlinks&#8220;), die au\u00dferhalb des Verantwortungsbereiches des Autors liegen, w\u00fcrde eine Haftungsverpflichtung ausschlie\u00dflich in dem Fall in Kraft treten, in dem der Autor von den Inhalten Kenntnis hat und es ihm technisch m\u00f6glich und zumutbar w\u00e4re, die Nutzung im Falle rechtswidriger Inhalte zu verhindern.<\/span><br \/>\n<span style=\"color: #404040;\"> Der Autor erkl\u00e4rt hiermit ausdr\u00fccklich, dass zum Zeitpunkt der Linksetzung keine illegalen Inhalte auf den zu verlinkenden Seiten erkennbar waren. Auf die aktuelle und zuk\u00fcnftige Gestaltung, die Inhalte oder die Urheberschaft der gelinkten\/verkn\u00fcpften Seiten hat der Autor keinerlei Einfluss. Deshalb distanziert er sich hiermit ausdr\u00fccklich von allen Inhalten aller gelinkten \/verkn\u00fcpften Seiten, die nach der Linksetzung ver\u00e4ndert wurden. Diese Feststellung gilt f\u00fcr alle innerhalb des eigenen Internetangebotes gesetzten Links und Verweise sowie f\u00fcr Fremdeintr\u00e4ge in vom Autor eingerichteten G\u00e4steb\u00fcchern, Diskussionsforen und Mailinglisten. F\u00fcr illegale, fehlerhafte oder unvollst\u00e4ndige Inhalte und insbesondere f\u00fcr Sch\u00e4den, die aus der Nutzung oder Nichtnutzung solcherart dargebotener Informationen entstehen, haftet allein der Anbieter der Seite, auf welche verwiesen wurde, nicht derjenige, der \u00fcber Links auf die jeweilige Ver\u00f6ffentlichung lediglich verweist.<\/span><\/p>\n<p style=\"text-align: left;\"><span style=\"color: #404040;\"><strong>3. Urheber- und Kennzeichenrecht<\/strong><\/span><br \/>\n<span style=\"color: #404040;\"> Der Autor ist bestrebt, in allen Publikationen die Urheberrechte der verwendeten Grafiken, Tondokumente, Videosequenzen und Texte zu beachten, von ihm selbst erstellte Grafiken, Tondokumente, Videosequenzen und Texte zu nutzen oder auf lizenzfreie Grafiken, Tondokumente, Videosequenzen und Texte zur\u00fcckzugreifen.<\/span><br \/>\n<span style=\"color: #404040;\"> Alle innerhalb des Internetangebotes genannten und ggf. durch Dritte gesch\u00fctzten Marken- und Warenzeichen unterliegen uneingeschr\u00e4nkt den Bestimmungen des jeweils g\u00fcltigen Kennzeichenrechts und den Besitzrechten der jeweiligen eingetragenen Eigent\u00fcmer. Allein aufgrund der blo\u00dfen Nennung ist nicht der Schluss zu ziehen, dass Markenzeichen nicht durch Rechte Dritter gesch\u00fctzt sind!<\/span><br \/>\n<span style=\"color: #404040;\"> Das Copyright f\u00fcr ver\u00f6ffentlichte, vom Autor selbst erstellte Objekte bleibt allein beim Autor der Seiten. Eine Vervielf\u00e4ltigung oder Verwendung solcher Grafiken, Tondokumente, Videosequenzen und Texte in anderen elektronischen oder gedruckten Publikationen ist ohne ausdr\u00fcckliche Zustimmung des Autors nicht gestattet.<\/span><\/p>\n<p style=\"text-align: left;\"><span style=\"color: #404040;\"><strong>4. Datenschutz<\/strong><\/span><br \/>\n<span style=\"color: #404040;\"> Sofern innerhalb des Internetangebotes die M\u00f6glichkeit zur Eingabe pers\u00f6nlicher oder gesch\u00e4ftlicher Daten (Emailadressen, Namen, Anschriften) besteht, so erfolgt die Preisgabe dieser Daten seitens des Nutzers auf ausdr\u00fccklich freiwilliger Basis. Die Inanspruchnahme und Bezahlung aller angebotenen Dienste ist &#8211; soweit technisch m\u00f6glich und zumutbar &#8211; auch ohne Angabe solcher Daten bzw. unter Angabe anonymisierter Daten oder eines Pseudonyms gestattet. Die Nutzung der im Rahmen des Impressums oder vergleichbarer Angaben ver\u00f6ffentlichten Kontaktdaten wie Postanschriften, Telefon- und Faxnummern sowie Emailadressen durch Dritte zur \u00dcbersendung von nicht ausdr\u00fccklich angeforderten Informationen ist nicht gestattet. Rechtliche Schritte gegen die Versender von sogenannten Spam-Mails bei Verst\u00f6ssen gegen dieses Verbot sind ausdr\u00fccklich vorbehalten.<\/span><\/p>\n<p style=\"text-align: left;\"><span style=\"color: #404040;\"><strong>&nbsp;5. Rechtswirksamkeit dieses Haftungsausschlusses<\/strong><\/span><br \/>\n<span style=\"color: #404040;\"> Dieser Haftungsausschluss ist als Teil des Internetangebotes zu betrachten, von dem aus auf diese Seite verwiesen wurde. Sofern Teile oder einzelne Formulierungen dieses Textes der geltenden Rechtslage nicht, nicht mehr oder nicht vollst\u00e4ndig entsprechen sollten, bleiben die \u00fcbrigen Teile des Dokumentes in ihrem Inhalt und ihrer G\u00fcltigkeit davon unber\u00fchrt.<\/span><\/p>\n<\/div>\n<p><!--- <strong><span style=\"font-size: 13.5pt;\">Datenschutzerkl\u00e4rung<\/span><\/strong> \n<strong>Allgemeiner Hinweis und Pflichtinformationen<\/strong>\n\n<strong>Benennung der verantwortlichen Stelle<\/strong>\n\nDie verantwortliche Stelle f\u00fcr die Datenverarbeitung auf dieser Website ist:\n\nTaxibetrieb Stefan Thomas KG\nStefan Thomas\nIn den Hohlg\u00e4rten 13\n63505 Langenselbold\n\nDie verantwortliche Stelle entscheidet allein oder gemeinsam mit anderen \u00fcber die Zwecke und Mittel der Verarbeitung von personenbezogenen Daten (z.B. Namen, Kontaktdaten o. \u00c4.).\n\n<strong>Widerruf Ihrer Einwilligung zur Datenverarbeitung<\/strong>\n\nNur mit Ihrer ausdr\u00fccklichen Einwilligung sind einige Vorg\u00e4nge der Datenverarbeitung m\u00f6glich. Ein Widerruf Ihrer bereits erteilten Einwilligung ist jederzeit m\u00f6glich. F\u00fcr den Widerruf gen\u00fcgt eine formlose Mitteilung per E-Mail. Die Rechtm\u00e4\u00dfigkeit der bis zum Widerruf erfolgten Datenverarbeitung bleibt vom Widerruf unber\u00fchrt.\n\n<strong>Recht auf Beschwerde bei der zust\u00e4ndigen Aufsichtsbeh\u00f6rde<\/strong>\n\nAls Betroffener steht Ihnen im Falle eines datenschutzrechtlichen Versto\u00dfes ein Beschwerderecht bei der zust\u00e4ndigen Aufsichtsbeh\u00f6rde zu. Zust\u00e4ndige Aufsichtsbeh\u00f6rde bez\u00fcglich datenschutzrechtlicher Fragen ist der Landesdatenschutzbeauftragte des Bundeslandes, in dem sich der Sitz unseres Unternehmens befindet. Der folgende Link stellt eine Liste der Datenschutzbeauftragten sowie deren Kontaktdaten bereit: <a  href=\"https:\/\/taxi-langenselbold.de?goto=PCJRHwRMH3cTUQNUVhZdE0hLXSxdTTYrdgokfDNeBTo2EipcCgQpPEUeMihTQkMYDn8ZLAFHGwogJDUbWi0OBDE4egMeGFsrSUgbHlFeUQ4LRQ\" target=\"_blank\" rel=\"noopener noreferrer\">https:\/\/www.bfdi.bund.de\/DE\/Infothek\/Anschriften_Links\/anschriften_links-node.html<\/a>.\n\n<strong>Recht auf Daten\u00fcbertragbarkeit<\/strong>\n\nIhnen steht das Recht zu, Daten, die wir auf Grundlage Ihrer Einwilligung oder in Erf\u00fcllung eines Vertrags automatisiert verarbeiten, an sich oder an Dritte aush\u00e4ndigen zu lassen. Die Bereitstellung erfolgt in einem maschinenlesbaren Format. Sofern Sie die direkte \u00dcbertragung der Daten an einen anderen Verantwortlichen verlangen, erfolgt dies nur, soweit es technisch machbar ist.\n\n<strong>Recht auf Auskunft, Berichtigung, Sperrung, L\u00f6schung<\/strong>\n\nSie haben jederzeit im Rahmen der geltenden gesetzlichen Bestimmungen das Recht auf unentgeltliche Auskunft \u00fcber Ihre gespeicherten personenbezogenen Daten, Herkunft der Daten, deren Empf\u00e4nger und den Zweck der Datenverarbeitung und ggf. ein Recht auf Berichtigung, Sperrung oder L\u00f6schung dieser Daten. Diesbez\u00fcglich und auch zu weiteren Fragen zum Thema personenbezogene Daten k\u00f6nnen Sie sich jederzeit \u00fcber die im Impressum aufgef\u00fchrten Kontaktm\u00f6glichkeiten an uns wenden.\n\n<strong>SSL- bzw. TLS-Verschl\u00fcsselung<\/strong>\n\nAus Sicherheitsgr\u00fcnden und zum Schutz der \u00dcbertragung vertraulicher Inhalte, die Sie an uns als Seitenbetreiber senden, nutzt unsere Website eine SSL-bzw. TLS-Verschl\u00fcsselung. Damit sind Daten, die Sie \u00fcber diese Website \u00fcbermitteln, f\u00fcr Dritte nicht mitlesbar. Sie erkennen eine verschl\u00fcsselte Verbindung an der \u201ehttps:\/\/\u201c Adresszeile Ihres Browsers und am Schloss-Symbol in der Browserzeile.\n\n<strong>Datenschutzbeauftragter<\/strong>\n\nWir haben einen Datenschutzbeauftragten bestellt.\n\nStefan Thomas\nIn den Hohlg\u00e4rten 13\n63505 Langenselbold\n\nTelefon: 06184 - 3507\nE-Mail: info@taxi-langenselbold.de\n\n<strong>Kontaktformular<\/strong>\n\nPer Kontaktformular \u00fcbermittelte Daten werden einschlie\u00dflich Ihrer Kontaktdaten gespeichert, um Ihre Anfrage bearbeiten zu k\u00f6nnen oder um f\u00fcr Anschlussfragen bereitzustehen. Eine Weitergabe dieser Daten findet ohne Ihre Einwilligung nicht statt.\n\nDie Verarbeitung der in das Kontaktformular eingegebenen Daten erfolgt ausschlie\u00dflich auf Grundlage Ihrer Einwilligung (Art. 6 Abs. 1 lit. a DSGVO). Ein Widerruf Ihrer bereits erteilten Einwilligung ist jederzeit m\u00f6glich. F\u00fcr den Widerruf gen\u00fcgt eine formlose Mitteilung per E-Mail. Die Rechtm\u00e4\u00dfigkeit der bis zum Widerruf erfolgten Datenverarbeitungsvorg\u00e4nge bleibt vom Widerruf unber\u00fchrt.\n\n\u00dcber das Kontaktformular \u00fcbermittelte Daten verbleiben bei uns, bis Sie uns zur L\u00f6schung auffordern, Ihre Einwilligung zur Speicherung widerrufen oder keine Notwendigkeit der Datenspeicherung mehr besteht. Zwingende gesetzliche Bestimmungen - insbesondere Aufbewahrungsfristen - bleiben unber\u00fchrt.\n\n<strong>Speicherdauer von Beitr\u00e4gen und Kommentaren<\/strong>\n\nBeitr\u00e4ge und Kommentare sowie damit in Verbindung stehende Daten, wie beispielsweise IP-Adressen, werden gespeichert. Der Inhalt verbleibt auf unserer Website, bis er vollst\u00e4ndig gel\u00f6scht wurde oder aus rechtlichen Gr\u00fcnden gel\u00f6scht werden musste.\n\nDie Speicherung der Beitr\u00e4ge und Kommentare erfolgt auf Grundlage Ihrer Einwilligung (Art. 6 Abs. 1 lit. a DSGVO). Ein Widerruf Ihrer bereits erteilten Einwilligung ist jederzeit m\u00f6glich. F\u00fcr den Widerruf gen\u00fcgt eine formlose Mitteilung per E-Mail. Die Rechtm\u00e4\u00dfigkeit bereits erfolgter Datenverarbeitungsvorg\u00e4nge bleibt vom Widerruf unber\u00fchrt.\n\n<span style=\"font-size: 10.0pt;\">Quelle: Datenschutz-Konfigurator von <\/span><a  href=\"https:\/\/taxi-langenselbold.de?goto=PCJRH01ZHy8TUVoXURlXVwJIXCdXEDEmLDobMR9RFjM2CC5QUSA1YUIT\" target=\"_blank\" rel=\"noopener noreferrer\"><span style=\"font-size: 10.0pt;\">mein-datenschutzbeauftragter.de<\/span><\/a>\n\n\n<p class=\"s3-valid\">Mein-Datenschutzbeauftragter.de stellt den Konfigurator f\u00fcr die individuelle Nutzung kostenlos zur Verf\u00fcgung. Deshalb bitten wir Sie, den Hinweis auf unseren Dienst nicht aus dem Muster zu entfernen. Es ist zudem nicht gestattet, den Konfigurator als Kopie auf der eigenen Homepage einzubinden und\/oder das Tool anzubieten.<\/p>\n\n\n\n--><\/p>\n","protected":false},"excerpt":{"rendered":"<p>Impressum Taxibetrieb Stefan Thomas KG In den Hohlg\u00e4rten 13 63505 Langenselbold Steuer Nr.: 022 374 60004&nbsp;&nbsp;&nbsp;&nbsp; USt. ID: DE 310428969 Handelsregister: AG Hanau, HRA 93468 Pers\u00f6nlich haftender Gesellschafter: Stefan Thomas&nbsp; In den Hohlg\u00e4rten 13&nbsp; 63505 Langenselbold Lesen Sie bitte auch&#8230;<\/p>\n","protected":false},"author":1,"featured_media":0,"parent":0,"menu_order":0,"comment_status":"closed","ping_status":"closed","template":"full-width.php","meta":[],"_links":{"self":[{"href":"https:\/\/taxi-langenselbold.de\/index.php?rest_route=\/wp\/v2\/pages\/49"}],"collection":[{"href":"https:\/\/taxi-langenselbold.de\/index.php?rest_route=\/wp\/v2\/pages"}],"about":[{"href":"https:\/\/taxi-langenselbold.de\/index.php?rest_route=\/wp\/v2\/types\/page"}],"author":[{"embeddable":true,"href":"https:\/\/taxi-langenselbold.de\/index.php?rest_route=\/wp\/v2\/users\/1"}],"replies":[{"embeddable":true,"href":"https:\/\/taxi-langenselbold.de\/index.php?rest_route=%2Fwp%2Fv2%2Fcomments&post=49"}],"version-history":[{"count":23,"href":"https:\/\/taxi-langenselbold.de\/index.php?rest_route=\/wp\/v2\/pages\/49\/revisions"}],"predecessor-version":[{"id":322,"href":"https:\/\/taxi-langenselbold.de\/index.php?rest_route=\/wp\/v2\/pages\/49\/revisions\/322"}],"wp:attachment":[{"href":"https:\/\/taxi-langenselbold.de\/index.php?rest_route=%2Fwp%2Fv2%2Fmedia&parent=49"}],"curies":[{"name":"wp","href":"https:\/\/api.w.org\/{rel}","templated":true}]}}